{"id":11,"date":"2019-04-11T11:10:42","date_gmt":"2019-04-11T09:10:42","guid":{"rendered":"https:\/\/aditive.de\/shop\/impressum\/"},"modified":"2025-07-14T14:26:26","modified_gmt":"2025-07-14T12:26:26","slug":"impressum","status":"publish","type":"page","link":"https:\/\/aditive.de\/shop\/impressum\/","title":{"rendered":"Impressum"},"content":{"rendered":"\n<p>Stefan P\u00f6rtner &amp; Peter Tr\u00f6ger GbR<br>Vertretungsberechtigte Gesellschafter: Stefan P\u00f6rtner, Peter Tr\u00f6ger<\/p>\n\n\n\n<p>Steinheilstr. 16<br>97080 W\u00fcrzburg<br>Deutschland<br><br>Telefon: +49 931 71056127<br>E-Mail: info@aditive.de<\/p>\n\n\n\n<p>Umsatzsteuer-Identifikationsnummer: DE 252526882<\/p>\n\n\n\n<p>Berufshaftpflichtversicherung:<br>AXA Versicherung AG<br>Industrie- und Firmensektion S\u00fcd, Postfach 92 01 48<br>51151 K\u00f6ln<br>Der r\u00e4umliche Geltungsbereich des Versicherungsschutzes umfasst T\u00e4tigkeiten in Deutschland.<\/p>\n\n\n\n<p>Wir sind bereit, an einem au\u00dfergerichtlichen Schlichtungsverfahren vor einer Verbraucherschlichtungsstelle teilzunehmen.<br>Zust\u00e4ndig ist die Allgemeine Verbraucherschlichtungsstelle des Zentrums f\u00fcr Schlichtung e.\u202fV.,<br>Stra\u00dfburger Stra\u00dfe 8, 77694 Kehl am Rhein, <a class=\"\" href=\"https:\/\/www.verbraucher-schlichter.de\">www.verbraucher-schlichter.de<\/a>.<\/p>\n","protected":false},"excerpt":{"rendered":"<p>Stefan P\u00f6rtner &amp; Peter Tr\u00f6ger GbRVertretungsberechtigte Gesellschafter: Stefan P\u00f6rtner, Peter Tr\u00f6ger Steinheilstr. 1697080 W\u00fcrzburgDeutschland Telefon: +49 931 71056127E-Mail: info@aditive.de Umsatzsteuer-Identifikationsnummer: DE 252526882 Berufshaftpflichtversicherung:AXA Versicherung AGIndustrie- und Firmensektion S\u00fcd, Postfach 92 01 4851151 K\u00f6lnDer r\u00e4umliche Geltungsbereich des Versicherungsschutzes umfasst T\u00e4tigkeiten in Deutschland. Wir sind bereit, an einem au\u00dfergerichtlichen Schlichtungsverfahren vor einer Verbraucherschlichtungsstelle teilzunehmen.Zust\u00e4ndig ist die Allgemeine [&hellip;]<\/p>\n","protected":false},"author":1,"featured_media":0,"parent":0,"menu_order":0,"comment_status":"closed","ping_status":"closed","template":"","meta":{"footnotes":""},"class_list":["post-11","page","type-page","status-publish","hentry"],"_links":{"self":[{"href":"https:\/\/aditive.de\/shop\/wp-json\/wp\/v2\/pages\/11","targetHints":{"allow":["GET"]}}],"collection":[{"href":"https:\/\/aditive.de\/shop\/wp-json\/wp\/v2\/pages"}],"about":[{"href":"https:\/\/aditive.de\/shop\/wp-json\/wp\/v2\/types\/page"}],"author":[{"embeddable":true,"href":"https:\/\/aditive.de\/shop\/wp-json\/wp\/v2\/users\/1"}],"replies":[{"embeddable":true,"href":"https:\/\/aditive.de\/shop\/wp-json\/wp\/v2\/comments?post=11"}],"version-history":[{"count":5,"href":"https:\/\/aditive.de\/shop\/wp-json\/wp\/v2\/pages\/11\/revisions"}],"predecessor-version":[{"id":597,"href":"https:\/\/aditive.de\/shop\/wp-json\/wp\/v2\/pages\/11\/revisions\/597"}],"wp:attachment":[{"href":"https:\/\/aditive.de\/shop\/wp-json\/wp\/v2\/media?parent=11"}],"curies":[{"name":"wp","href":"https:\/\/api.w.org\/{rel}","templated":true}]}}