{"id":12,"date":"2019-04-11T11:10:42","date_gmt":"2019-04-11T09:10:42","guid":{"rendered":"https:\/\/aditive.de\/shop\/agb\/"},"modified":"2019-04-11T11:57:47","modified_gmt":"2019-04-11T09:57:47","slug":"agb","status":"publish","type":"page","link":"https:\/\/aditive.de\/shop\/agb\/","title":{"rendered":"AGB"},"content":{"rendered":"\n<h3>Allgemeine Gesch\u00e4ftsbedingungen<\/h3><strong>1. Geltungsbereich<\/strong>\n<p>F\u00fcr alle Bestellungen \u00fcber unseren Online-Shop durch Verbraucher und Unternehmer gelten die nachfolgenden AGB.\n    <br>\n    <br>Verbraucher ist jede nat\u00fcrliche Person, die ein Rechtsgesch\u00e4ft zu Zwecken abschlie\u00dft, die \u00fcberwiegend weder ihrer gewerblichen noch ihrer selbst\u00e4ndigen beruflichen T\u00e4tigkeit zugerechnet werden k\u00f6nnen. Unternehmer ist eine nat\u00fcrliche oder juristische Person oder eine rechtsf\u00e4hige Personengesellschaft, die bei Abschluss eines Rechtsgesch\u00e4fts in Aus\u00fcbung ihrer gewerblichen oder selbst\u00e4ndigen beruflichen T\u00e4tigkeit handelt.\n    <br>\n    <br>Gegen\u00fcber Unternehmern gelten diese AGB auch f\u00fcr k\u00fcnftige Gesch\u00e4ftsbeziehungen, ohne dass wir nochmals auf sie hinweisen m\u00fcssten. Verwendet der Unternehmer entgegenstehende oder erg\u00e4nzende Allgemeine Gesch\u00e4ftsbedingungen, wird deren Geltung hiermit widersprochen; sie werden nur dann Vertragsbestandteil, wenn wir dem ausdr\u00fccklich zugestimmt haben.<\/p><strong>2. Vertragspartner,    Vertragsschluss<\/strong>\n<p>Der Kaufvertrag kommt zustande mit Stefan P\u00f6rtner &#038; Peter Tr\u00f6ger GbR.<\/p>\n<p>Mit Einstellung der Produkte in den Online-Shop geben wir ein verbindliches Angebot zum Vertragsschluss \u00fcber diese Artikel ab. Sie k\u00f6nnen unsere Produkte zun\u00e4chst unverbindlich in den Warenkorb legen und Ihre Eingaben vor Absenden Ihrer verbindlichen Bestellung jederzeit korrigieren, indem Sie die hierf\u00fcr im Bestellablauf vorgesehenen und erl\u00e4uterten Korrekturhilfen nutzen. Der Vertrag kommt zustande, indem Sie durch Anklicken des Bestellbuttons das Angebot \u00fcber die im Warenkorb enthaltenen Waren annehmen. Unmittelbar nach dem Absenden der Bestellung erhalten Sie noch einmal eine Best\u00e4tigung per E-Mail.<\/p><strong>3. Vertragssprache,    Vertragstextspeicherung<\/strong>\n<br\/>Die f\u00fcr den Vertragsschluss zur Verf\u00fcgung stehende Sprache ist Deutsch.\n<br\/>\n<p>Wir speichern den Vertragstext und senden Ihnen die Bestelldaten und unsere AGB per E-Mail zu. Der Vertragstext ist aus Sicherheitsgr\u00fcnden nicht mehr \u00fcber das Internet zug\u00e4nglich.<\/p> <strong>4. Lieferbedingungen<\/strong>\n<br\/>\n<p>Wir liefern innerhalb Deutschlands versandkostenfrei.<\/p>\n<p> Sie haben grunds\u00e4tzlich die M\u00f6glichkeit der Abholung bei Stefan P\u00f6rtner &#038; Peter Tr\u00f6ger GbR, Steinheilstr. 16 , 97080 W\u00fcrzburg, Deutschland zu den nachfolgend angegebenen Gesch\u00e4ftszeiten: Mo-Fr 9-15 Uhr.<\/p>\n<p> Wir liefern nicht an Packstationen.<\/p>\n<p\/><strong>5. Bezahlung<\/strong>\n<p>In unserem Shop stehen Ihnen grunds\u00e4tzlich die folgenden Zahlungsarten zur Verf\u00fcgung:<\/p>\n<p><strong>Vorkasse<\/strong>\n    <br> Bei Auswahl der Zahlungsart Vorkasse nennen wir Ihnen unsere Bankverbindung in separater E-Mail und liefern die Ware nach Zahlungseingang.<\/p>\n<p> <strong>PayPal, PayPal Express<\/strong>\n    <br\/>Im Bestellprozess werden Sie auf die Webseite des Online-Anbieters PayPal weitergeleitet. Um den Rechnungsbetrag \u00fcber PayPal bezahlen zu k\u00f6nnen, m\u00fcssen Sie dort registriert sein bzw. sich erst registrieren, mit Ihren Zugangsdaten legitimieren und die Zahlungsanweisung an uns best\u00e4tigen. Nach Abgabe der Bestellung im Shop fordern wir PayPal zur Einleitung der Zahlungstransaktion auf.\n    <br> Die Zahlungstransaktion wird durch PayPal unmittelbar danach automatisch durchgef\u00fchrt. Weitere Hinweise erhalten Sie beim Bestellvorgang.\n    <br>\n    <br\/>\n    <p><strong>Sofort by klarna<\/strong>\n        <br> Nach Abgabe der Bestellung werden Sie auf die Webseite des Online-Anbieters Sofort GmbH weitergeleitet. Um den Rechnungsbetrag \u00fcber Sofort bezahlen zu k\u00f6nnen, m\u00fcssen Sie \u00fcber ein f\u00fcr die Teilnahme an Sofort freigeschaltetes Online-Banking-Konto mit PIN\/TAN-Verfahren verf\u00fcgen, sich entsprechend legitimieren und die Zahlungsanweisung an uns best\u00e4tigen. Weitere Hinweise erhalten Sie beim Bestellvorgang. Die Zahlungstransaktion wird unmittelbar danach von Sofort durchgef\u00fchrt und Ihr Konto belastet. <\/p>\n    <p><strong>Rechnung<\/strong>\n        <br> Sie zahlen den Rechnungsbetrag nach Erhalt der Ware und der Rechnung per \u00dcberweisung auf unser Bankkonto. Wir behalten uns vor, den Kauf auf Rechnung nur nach einer erfolgreichen Bonit\u00e4tspr\u00fcfung anzubieten. <\/p>\n    <p><strong>Barzahlung bei Abholung<\/strong>\n        <br> Sie zahlen den Rechnungsbetrag bei der Abholung bar. <\/p> <strong>6. Gew\u00e4hrleistung und Garantien<\/strong>\n    <br\/>\n    <p>Es gilt das gesetzliche M\u00e4ngelhaftungsrecht. Informationen zu gegebenenfalls geltenden zus\u00e4tzlichen Garantien und deren genaue Bedingungen finden Sie jeweils beim Produkt und auf besonderen Informationsseiten im Onlineshop.<\/p>\n    <p>Kundendienst: Sie erreichen unseren Kundendienst f\u00fcr Fragen, Reklamationen und Beanstandungen werktags von 9:00 Uhr bis 16:00 Uhr per E-Mail unter info@aditive.de.<\/p> <strong>7. Haftung<\/strong>\n    <br\/>\n    <p>F\u00fcr Anspr\u00fcche aufgrund von Sch\u00e4den, die durch uns, unsere gesetzlichen Vertreter oder Erf\u00fcllungsgehilfen verursacht wurden, haften wir stets unbeschr\u00e4nkt<\/p>\n    <ul>\n        <li> bei Verletzung des Lebens, des K\u00f6rpers oder der Gesundheit,<\/li>\n        <li> bei vors\u00e4tzlicher oder grob fahrl\u00e4ssiger Pflichtverletzung,<\/li>\n        <li> bei Garantieversprechen, soweit vereinbart, oder<\/li>\n        <li> soweit der Anwendungsbereich des Produkthaftungsgesetzes er\u00f6ffnet ist.<\/li>\n    <\/ul>\n    <p>Bei Verletzung wesentlicher Vertragspflichten, deren Erf\u00fcllung die ordnungsgem\u00e4\u00dfe Durchf\u00fchrung des Vertrages \u00fcberhaupt erst erm\u00f6glicht und auf deren Einhaltung der Vertragspartner regelm\u00e4\u00dfig vertrauen darf, (Kardinalpflichten) durch leichte Fahrl\u00e4ssigkeit von uns, unseren gesetzlichen Vertretern oder Erf\u00fcllungsgehilfen ist die Haftung der H\u00f6he nach auf den bei Vertragsschluss vorhersehbaren Schaden begrenzt, mit dessen Entstehung typischerweise gerechnet werden muss. Im \u00dcbrigen sind Anspr\u00fcche auf Schadensersatz ausgeschlossen.<\/p>\n    <p> <strong>8. Streitbeilegung<\/strong>\n        <br\/> Die Europ\u00e4ische Kommission stellt eine Plattform zur Online-Streitbeilegung (OS) bereit, die Sie hier finden <a href=\"https:\/\/ec.europa.eu\/consumers\/odr\/\" target=\"_blank\" rel=\"nofollow noopener noreferrer\">https:\/\/ec.europa.eu\/consumers\/odr\/<\/a>.\n        <br\/> Wir sind bereit, an einem au\u00dfergerichtlichen Schlichtungsverfahren vor einer Verbraucherschlichtungsstelle teilzunehmen.\n        <br\/> Zust\u00e4ndig ist die Allgemeine Verbraucherschlichtungsstelle des Zentrums f\u00fcr Schlichtung e.V., Stra\u00dfburger Stra\u00dfe 8, 77694 Kehl am Rhein, <a href=\"https:\/\/www.verbraucher-schlichter.de\" target=\"_blank\" rel=\"nofollow noopener noreferrer\">www.verbraucher-schlichter.de<\/a>. <\/p>\n    <div> <strong>9. Schlussbestimmungen<\/strong>\n        <br\/>\n        <p>Sind Sie Kaufmann im Sinne des Handelsgesetzbuches, juristische Person des \u00f6ffentlichen Rechts oder \u00f6ffentlich-rechtliches Sonderverm\u00f6gen, ist ausschlie\u00dflicher Gerichtsstand f\u00fcr alle Streitigkeiten aus Vertragsverh\u00e4ltnissen zwischen uns und Ihnen unser Gesch\u00e4ftssitz.<\/p>\n    <\/div>\n    <p>\n        <br><i><a target=\"_blank\" title=\"AGB\" href=\"https:\/\/shop.trustedshops.com\/de\/rechtstexte\/\" rel=\"noopener noreferrer\">AGB<\/a> erstellt            mit dem <a target=\"_blank\" title=\"Trusted Shops\" href=\"https:\/\/shop.trustedshops.com\/de\/\" rel=\"noopener noreferrer\">Trusted Shops<\/a>            Rechtstexter in Kooperation mit <a target=\"_blank\" title=\"Wilde Beuger Solmecke Rechtsanw\u00e4lte\"                                               href=\"https:\/\/www.wbs-law.de\/\" rel=\"nofollow noopener noreferrer\">Wilde Beuger Solmecke Rechtsanw\u00e4lte<\/a>.<\/i> <\/p>\n","protected":false},"excerpt":{"rendered":"<p>Allgemeine Gesch\u00e4ftsbedingungen 1. Geltungsbereich F\u00fcr alle Bestellungen \u00fcber unseren Online-Shop durch Verbraucher und Unternehmer gelten die nachfolgenden AGB. Verbraucher ist jede nat\u00fcrliche Person, die ein Rechtsgesch\u00e4ft zu Zwecken abschlie\u00dft, die \u00fcberwiegend weder ihrer gewerblichen noch ihrer selbst\u00e4ndigen beruflichen T\u00e4tigkeit zugerechnet werden k\u00f6nnen. Unternehmer ist eine nat\u00fcrliche oder juristische Person oder eine rechtsf\u00e4hige Personengesellschaft, die bei [&hellip;]<\/p>\n","protected":false},"author":1,"featured_media":0,"parent":0,"menu_order":0,"comment_status":"closed","ping_status":"closed","template":"","meta":{"footnotes":""},"class_list":["post-12","page","type-page","status-publish","hentry"],"_links":{"self":[{"href":"https:\/\/aditive.de\/shop\/wp-json\/wp\/v2\/pages\/12","targetHints":{"allow":["GET"]}}],"collection":[{"href":"https:\/\/aditive.de\/shop\/wp-json\/wp\/v2\/pages"}],"about":[{"href":"https:\/\/aditive.de\/shop\/wp-json\/wp\/v2\/types\/page"}],"author":[{"embeddable":true,"href":"https:\/\/aditive.de\/shop\/wp-json\/wp\/v2\/users\/1"}],"replies":[{"embeddable":true,"href":"https:\/\/aditive.de\/shop\/wp-json\/wp\/v2\/comments?post=12"}],"version-history":[{"count":3,"href":"https:\/\/aditive.de\/shop\/wp-json\/wp\/v2\/pages\/12\/revisions"}],"predecessor-version":[{"id":66,"href":"https:\/\/aditive.de\/shop\/wp-json\/wp\/v2\/pages\/12\/revisions\/66"}],"wp:attachment":[{"href":"https:\/\/aditive.de\/shop\/wp-json\/wp\/v2\/media?parent=12"}],"curies":[{"name":"wp","href":"https:\/\/api.w.org\/{rel}","templated":true}]}}