{"id":13,"date":"2019-04-11T11:10:42","date_gmt":"2019-04-11T09:10:42","guid":{"rendered":"https:\/\/aditive.de\/shop\/widerrufsbelehrung\/"},"modified":"2025-07-14T14:10:17","modified_gmt":"2025-07-14T12:10:17","slug":"widerrufsbelehrung","status":"publish","type":"page","link":"https:\/\/aditive.de\/shop\/widerrufsbelehrung\/","title":{"rendered":"Widerrufsbelehrung"},"content":{"rendered":"\n<p><strong>Widerrufsrecht<\/strong><\/p>\n\n\n\n<p>Sie haben das Recht, binnen vierzehn Tagen ohne Angabe von Gr\u00fcnden diesen Vertrag zu widerrufen.<\/p>\n\n\n\n<p>Die Widerrufsfrist betr\u00e4gt vierzehn Tage ab dem Tag, an dem Sie oder ein von Ihnen benannter Dritter, der nicht der Bef\u00f6rderer ist, die letzte Ware in Besitz genommen haben bzw. hat.<\/p>\n\n\n\n<p>Um Ihr Widerrufsrecht auszu\u00fcben, m\u00fcssen Sie uns (Stefan P\u00f6rtner &amp; Peter Tr\u00f6ger GbR, Steinheilstr. 16, 97080 W\u00fcrzburg, Deutschland, info@aditive.de, Telefon: +49 931 71056127) mittels einer eindeutigen Erkl\u00e4rung (z. B. ein mit der Post versandter Brief, Telefax oder E-Mail) \u00fcber Ihren Entschluss, diesen Vertrag zu widerrufen, informieren. Sie k\u00f6nnen daf\u00fcr das beigef\u00fcgte Muster-Widerrufsformular verwenden, das jedoch nicht vorgeschrieben ist.<\/p>\n\n\n\n<p>Sie k\u00f6nnen Ihre Erkl\u00e4rung entsprechend den Erl\u00e4uterungen und Formularen, die in unserem Online-R\u00fccksendezentrum unter .amazon.de\/gp\/css\/returns\/homepage.html erh\u00e4ltlich sind, elektronisch ausf\u00fcllen und \u00fcbermitteln. Machen Sie von dieser M\u00f6glichkeit Gebrauch, so wird Ihnen unverz\u00fcglich (z. B. per E-Mail) eine Best\u00e4tigung \u00fcber den Eingang eines solchen Widerrufs \u00fcbermittelt.<\/p>\n\n\n\n<p>Zur Wahrung der Widerrufsfrist reicht es aus, dass Sie die Mitteilung \u00fcber die Aus\u00fcbung des Widerrufsrechts vor Ablauf der Widerrufsfrist absenden.<\/p>\n\n\n\n<p><strong>Folgen des Widerrufs<\/strong><\/p>\n\n\n\n<p>Wenn Sie diesen Vertrag widerrufen, haben wir Ihnen alle Zahlungen, die wir von Ihnen erhalten haben, einschlie\u00dflich der Lieferkosten (mit Ausnahme der zus\u00e4tzlichen Kosten, die sich daraus ergeben, dass Sie eine andere Art der Lieferung als die von uns angebotene, g\u00fcnstigste Standardlieferung gew\u00e4hlt haben), unverz\u00fcglich und sp\u00e4testens binnen vierzehn Tagen ab dem Tag zur\u00fcckzuzahlen, an dem die Mitteilung \u00fcber Ihren Widerruf dieses Vertrags bei uns eingegangen ist. F\u00fcr diese R\u00fcckzahlung verwenden wir dasselbe Zahlungsmittel, das Sie bei der urspr\u00fcnglichen Transaktion eingesetzt haben, es sei denn, mit Ihnen wurde ausdr\u00fccklich etwas anderes vereinbart; in keinem Fall werden Ihnen wegen dieser R\u00fcckzahlung Entgelte berechnet. Wir k\u00f6nnen die R\u00fcckzahlung verweigern, bis wir die Waren wieder zur\u00fcckerhalten haben oder bis Sie den Nachweis erbracht haben, dass Sie die Waren zur\u00fcckgesandt haben, je nachdem, welches der fr\u00fchere Zeitpunkt ist.<\/p>\n\n\n\n<p>Sie haben die Waren unverz\u00fcglich und in jedem Fall sp\u00e4testens binnen vierzehn Tagen ab dem Tag, an dem Sie uns \u00fcber den Widerruf dieses Vertrags unterrichten, an uns zur\u00fcckzusenden oder zu \u00fcbergeben. Die Frist ist gewahrt, wenn Sie die Waren vor Ablauf der Frist von vierzehn Tagen absenden. Sie tragen die unmittelbaren Kosten der R\u00fccksendung der Waren. Sie m\u00fcssen f\u00fcr einen etwaigen Wertverlust der Waren nur aufkommen, wenn dieser Wertverlust auf einen zur Pr\u00fcfung der Beschaffenheit, Eigenschaften und Funktionsweise der Waren nicht notwendigen Umgang mit ihnen zur\u00fcckzuf\u00fchren ist.<\/p>\n\n\n\n<p><strong>Muster-Widerrufsformular<\/strong><\/p>\n\n\n\n<p><em>(Wenn Sie den Vertrag widerrufen wollen, dann f\u00fcllen Sie bitte dieses Formular aus und senden Sie es zur\u00fcck.)<\/em><\/p>\n\n\n\n<p>\u2013 An Stefan P\u00f6rtner &amp; Peter Tr\u00f6ger GbR, Steinheilstr. 16 , 97080 W\u00fcrzburg, info@aditive.de, Deutschland<\/p>\n\n\n\n<p>\u2013 Hiermit widerrufe(n) ich\/wir (*) den von mir\/uns (*) abgeschlossenen Vertrag \u00fcber den Kauf der folgenden Waren (*)\/die Erbringung der folgenden Dienstleistung (*)<\/p>\n\n\n\n<p>\u2013 Bestellt am (*)\/erhalten am (*)<\/p>\n\n\n\n<p>\u2013 Name des\/der Verbraucher(s)<\/p>\n\n\n\n<p>\u2013 Anschrift des\/der Verbraucher(s)<\/p>\n\n\n\n<p>\u2013 Unterschrift des\/der Verbraucher(s) (nur bei Mitteilung auf Papier)<\/p>\n\n\n\n<p>\u2013 Datum<\/p>\n\n\n\n<p><em>(*) Unzutreffendes streichen.<\/em><\/p>\n\n\n\n<p><strong>Wiederruf per Onlineformular<\/strong><\/p>\n\n\n\n<div class=\"wp-block-buttons is-layout-flex wp-block-buttons-is-layout-flex\">\n<div class=\"wp-block-button\"><a class=\"wp-block-button__link has-white-color has-vivid-red-background-color has-text-color has-background has-link-color wp-element-button\" href=\"https:\/\/aditive.de\/shop\/widerrufsbelehrung\/wiederrufsformular\/\" style=\"border-style:none;border-width:0px;border-radius:13px\">Vertrag widerrufen<\/a><\/div>\n<\/div>\n\n\n\n<p><strong>Unsere freiwillige R\u00fcckgabegarantie<\/strong><br>Unbeschadet Ihrer gesetzlichen Rechte bieten wir Ihnen die folgende freiwillige R\u00fcckgabegarantie an:<br>Produkte, die Sie von uns erwerben, k\u00f6nnen Sie innerhalb von 30 Tagen ab Erhalt der Ware an uns zur\u00fccksenden, sofern keiner der Ausschlussgr\u00fcnde vorliegt, die Ware vollst\u00e4ndig ist und sich in demselben Zustand befindet wie bei Erhalt. Neue Artikel m\u00fcssen auch bei R\u00fcckgabe neu und unbenutzt sowie vollst\u00e4ndig sein. Gebrauchte Artikel d\u00fcrfen keine zus\u00e4tzlichen Abnutzungsspuren oder Besch\u00e4digungen haben. Waren, f\u00fcr die Sie kein Widerrufsrecht haben, k\u00f6nnen Sie auch im Rahmen der R\u00fcckgabegarantie nicht zur\u00fcckschicken.<br>Weitere Einzelheiten, insbesondere zu einzelnen Produktkategorien und R\u00fccksendekosten finden Sie hier: .amazon.de\/gp\/help\/customer\/display.html?nodeId=200804690<br>Entsprechendes gilt f\u00fcr gegebenenfalls geltende verl\u00e4ngerte R\u00fccksendefristen.<br>Diese R\u00fcckgabegarantie beschr\u00e4nkt nicht Ihre gesetzlichen Rechte und somit auch nicht Ihr Widerrufsrecht wie oben beschrieben.<\/p>\n\n\n\n<p><br><em>Widerrufsbelehrung erstellt mit dem Trusted Shops Rechtstexter in Kooperation mit Wilde Beuger Solmecke Rechtsanw\u00e4lte<\/em>.<\/p>\n","protected":false},"excerpt":{"rendered":"<p>Widerrufsrecht Sie haben das Recht, binnen vierzehn Tagen ohne Angabe von Gr\u00fcnden diesen Vertrag zu widerrufen. Die Widerrufsfrist betr\u00e4gt vierzehn Tage ab dem Tag, an dem Sie oder ein von Ihnen benannter Dritter, der nicht der Bef\u00f6rderer ist, die letzte Ware in Besitz genommen haben bzw. hat. Um Ihr Widerrufsrecht auszu\u00fcben, m\u00fcssen Sie uns (Stefan [&hellip;]<\/p>\n","protected":false},"author":1,"featured_media":0,"parent":0,"menu_order":0,"comment_status":"closed","ping_status":"closed","template":"","meta":{"footnotes":""},"class_list":["post-13","page","type-page","status-publish","hentry"],"_links":{"self":[{"href":"https:\/\/aditive.de\/shop\/wp-json\/wp\/v2\/pages\/13","targetHints":{"allow":["GET"]}}],"collection":[{"href":"https:\/\/aditive.de\/shop\/wp-json\/wp\/v2\/pages"}],"about":[{"href":"https:\/\/aditive.de\/shop\/wp-json\/wp\/v2\/types\/page"}],"author":[{"embeddable":true,"href":"https:\/\/aditive.de\/shop\/wp-json\/wp\/v2\/users\/1"}],"replies":[{"embeddable":true,"href":"https:\/\/aditive.de\/shop\/wp-json\/wp\/v2\/comments?post=13"}],"version-history":[{"count":3,"href":"https:\/\/aditive.de\/shop\/wp-json\/wp\/v2\/pages\/13\/revisions"}],"predecessor-version":[{"id":591,"href":"https:\/\/aditive.de\/shop\/wp-json\/wp\/v2\/pages\/13\/revisions\/591"}],"wp:attachment":[{"href":"https:\/\/aditive.de\/shop\/wp-json\/wp\/v2\/media?parent=13"}],"curies":[{"name":"wp","href":"https:\/\/api.w.org\/{rel}","templated":true}]}}